{"id":956,"date":"2024-04-22T12:49:22","date_gmt":"2024-04-22T10:49:22","guid":{"rendered":"https:\/\/victoriabarcos.cotos.es\/?page_id=956"},"modified":"2024-05-10T15:15:13","modified_gmt":"2024-05-10T13:15:13","slug":"legal-notice","status":"publish","type":"page","link":"https:\/\/barco.cotos.es\/en\/legal-notice\/","title":{"rendered":"Legal Notice"},"content":{"rendered":"<p>[et_pb_section fb_built=&#8221;1&#8243; _builder_version=&#8221;4.24.3&#8243; _module_preset=&#8221;default&#8221; global_colors_info=&#8221;{}&#8221;][et_pb_row _builder_version=&#8221;4.24.3&#8243; _module_preset=&#8221;default&#8221; global_colors_info=&#8221;{}&#8221;][et_pb_column type=&#8221;4_4&#8243; _builder_version=&#8221;4.24.3&#8243; _module_preset=&#8221;default&#8221; global_colors_info=&#8221;{}&#8221;][et_pb_text _builder_version=&#8221;4.24.3&#8243; _module_preset=&#8221;default&#8221; hover_enabled=&#8221;0&#8243; global_colors_info=&#8221;{}&#8221; sticky_enabled=&#8221;0&#8243;]<\/p>\n<p><b><i> 1. INTRODUCTION AND IDENTIFICATION DATA.<br \/><\/i><\/b><\/p>\n<p>The Internet website (<a href=\"http:\/\/www.victoriabarcos.cotos.es\">www.victoriabarcos.cotos.es<\/a>) (hereinafter the &#8220;<b>Website<\/b>&#8220;) is managed by OPENSEA DESAF\u00cdOS OCEANICOS, S.L. (hereinafter the &#8220;<b>Company<\/b>&#8220;), whose details, for the purposes of compliance with the obligations contained in article 10 of Law 34\/2002, of 11 July, on Information Society Services and Electronic Commerce (LSSI), are as follows:<\/p>\n<ul>\n<li aria-level=\"1\"><i>Name: OPENSEA DESAF\u00cdOS OCEANICOS, S.L.<\/i><\/li>\n<\/ul>\n<ul>\n<li aria-level=\"1\"><i>Tax: B-13.670.575<\/i><\/li>\n<\/ul>\n<ul>\n<li aria-level=\"1\"><i>Address: C\/ Jenner, no 3, 4 planta, 28010, Madrid.<\/i><\/li>\n<\/ul>\n<p>Access to the Website, as well as to all its contents and services, implies unreserved acceptance of this Legal Notice, attributing to any person accessing the Website the status of user (hereinafter, the &#8220;<b>User<\/b>&#8220;). In the event that, as a User, you do not understand or do not agree with the content of this Legal Notice, we recommend that you leave the Website.<\/p>\n<p>&nbsp;<\/p>\n<p><b><i>2.COMMUNICATIONS<\/i><\/b><\/p>\n<p>To contact the Company, you can use the following contact channels:<\/p>\n<ul>\n<li aria-level=\"1\"><i>Email:<\/i> <a href=\"mailto:info@victoriabarcos.cotos.es\"><i>info@victoriabarcos.cotos.es<\/i><\/a><i>&nbsp;<\/i><\/li>\n<li aria-level=\"1\"><i>Postal address: La indicada en el apartado anterior.<\/i><\/li>\n<\/ul>\n<p>All notifications and communications between the User and the Company shall be considered effective, for all purposes, when they are made by any of the means listed above.<\/p>\n<p>&nbsp;<\/p>\n<p><b><i>3.CUSTOMER SERVICE DEPARTMENT.<\/i><\/b><\/p>\n<p>If you have any complaints or claims in relation to&nbsp; the product or the producer&#8217;s performance, you may submit a complaint to the Customer Service Department, as detailed below:<\/p>\n<ul>\n<li aria-level=\"1\"><i>By sending an email to <\/i><a href=\"mailto:info@victoriabarcos.cotos.es\"><i>info@victoriabarcos.cotos.es<\/i><\/a><i>&nbsp;<\/i><\/li>\n<\/ul>\n<ul>\n<li aria-level=\"1\">&nbsp;Alternatively, by sending a letter to the address given above.\n<\/li>\n<\/ul>\n<p>This service is obliged to attend to and resolve the complaints and claims presented by its clients within a maximum period of two (2) months.<\/p>\n<p>&nbsp;<\/p>\n<p><b><i>4.WEBSITE TERMS OF USE AND LIABILITY.<\/i><\/b><\/p>\n<p>Through the Website, we provide the User with information about who the Company is, about the different products and services we offer, as well as their characteristics and information about your private account as a User.<\/p>\n<p>The User expressly undertakes to make appropriate use of the contents and services of the Website and not to use them, among others, for the following purposes:<\/p>\n<ul>\n<li aria-level=\"1\">Criminal activities or, in general, activities contrary to the law, morality, good practice or public order,<\/li>\n<\/ul>\n<ul>\n<li aria-level=\"1\">To introduce files containing viruses, Malware, Spyware or any other computer program that may cause harm or damage in any way any computer terminal of the Company or third parties,<\/li>\n<\/ul>\n<ul>\n<li aria-level=\"1\">To infringe the legislation on intellectual and industrial property, as well as the rights held by the Company&nbsp; on the products it offers, on the contents, creations, brands and any other material contained on the Website,<\/li>\n<\/ul>\n<ul>\n<li aria-level=\"1\">Reproducing, copying, distributing, making available or any other form of public communication, transforming or modifying the creations, brands and any other material contained on the Website,<\/li>\n<\/ul>\n<ul>\n<li aria-level=\"1\">Infringe legislation on the protection of personal data,<\/li>\n<\/ul>\n<ul>\n<li aria-level=\"1\">Infringe the honour, personal or family privacy or selfimage of third parties.<\/li>\n<\/ul>\n<ul>\n<li aria-level=\"1\">Collect or use the data, information or spaces that the Website makes available to the User for advertising or commercial purposes of any kind.<\/li>\n<\/ul>\n<ul>\n<li aria-level=\"1\">The User guarantees the authenticity and timeliness of all data provided to the Company and shall be solely responsible for any false or inaccurate statements made.<\/li>\n<\/ul>\n<ul>\n<li aria-level=\"1\">The Company reserves the right to prevent the User from accessing the Website in the event of non-compliance with current legislation or in the event of non-compliance with the terms and conditions set out in this Legal Notice.<\/li>\n<\/ul>\n<p>For matters relating to your personal data, please see our Privacy Policy and Cookie Policy.<\/p>\n<p>&nbsp;<\/p>\n<p><b><i>5.EXEMPTION FROM LIABILITY OF THE COMPANY.<\/i><\/b><\/p>\n<p>The Company accepts no liability, either directly or secondarily, for:<\/p>\n<ul>\n<li aria-level=\"1\">The quality of the internet service, the speed of access to the Website, the correct functioning of the same, nor the availability or continuity of the Website.<\/li>\n<\/ul>\n<ul>\n<li aria-level=\"1\">Any damage that may be caused to users&#8217; equipment by accessing and using the Website.<\/li>\n<\/ul>\n<ul>\n<li aria-level=\"1\">Non-compliance by the User with the law, morality, good customs or public order, as a consequence of the transmission, dissemination, storage, availability, reception, obtaining or access to the contents of the Website.<\/li>\n<\/ul>\n<ul>\n<li aria-level=\"1\">The links and hyperlinks that allow the User to access features and services offered by third parties not belonging to or outside the control of the Company, if any; the Company is not responsible for the information contained therein, nor for the processing of data that may be carried out, nor for any effects that may arise from such information.<\/li>\n<\/ul>\n<ul>\n<li aria-level=\"1\">The infringement of intellectual and industrial property rights, of the rights to honour, to personal and family privacy and to one&#8217;s own image, of the right to the protection of personal data or of any other nature, belonging to third parties, carried out by the User, collaborators or third parties.<\/li>\n<\/ul>\n<p>&nbsp;<\/p>\n<p><b><i>6.INTELLECTUAL AND INDUSTRIAL PROPERTY. <\/i><\/b><\/p>\n<p>The Website is protected by national and international legislation on Intellectual and Industrial Property, prohibiting the reproduction, distribution, public communication (including making available) and total or partial transformation of the Website, of the information contained therein, of any of the elements that compose it, including but not limited to: products, works, texts, images, brands, trademarks, graphics, logos, buttons, software files, colour combinations, as well as the structure, selection, order and presentation of its contents, without prejudice to the rights that third parties may have over any of the elements of the same.<\/p>\n<p>All trademarks and logos appearing on the Website are owned by the Company and are duly registered with the Spanish Patent and Trademark Office.<\/p>\n<p>If any User or third party considers that the Company is infringing their intellectual and industrial property rights or their image rights through the Website, please contact us by the means of communication set out in section 2. COMMUNICATIONS of this Legal Notice.<\/p>\n<p>&nbsp;<\/p>\n<p><b><i>7.MODIFICATIONS.<\/i><\/b><\/p>\n<p>The company reserves the right to modify, unilaterally, at any time and without prior notice, this Legal Notice and the contents included in the Website. In these cases, the publication and notice will be given as far in advance as possible.<\/p>\n<p>The Company also reserves the right to temporarily suspend services through the Website in order to carry out maintenance or improvement operations or for any other reason.<\/p>\n<p>&nbsp;<\/p>\n<p><b><i>8.JURISDICTION.<\/i><\/b><\/p>\n<p>This Legal Notice is subject to current Spanish legislation. For any type of dispute arising from the use of the services offered, the purchase of products or the contents of the Website, the parties submit to the jurisdiction and competence of the courts of the city of Madrid, provided that this is legally possible. Otherwise, the parties shall submit to the competent courts in accordance with the legislation in force at any given time.<\/p>\n<p>[\/et_pb_text][\/et_pb_column][\/et_pb_row][\/et_pb_section]<\/p>\n","protected":false},"excerpt":{"rendered":"<p>1. INTRODUCTION AND IDENTIFICATION DATA. The Internet website (www.victoriabarcos.cotos.es) (hereinafter the &#8220;Website&#8221;) is managed by OPENSEA DESAF\u00cdOS OCEANICOS, S.L. (hereinafter the &#8220;Company&#8221;), whose details, for the purposes of compliance with the obligations contained in article 10 of Law 34\/2002, of 11 July, on Information Society Services and Electronic Commerce (LSSI), are as follows: Name: OPENSEA [&hellip;]<\/p>\n","protected":false},"author":1,"featured_media":0,"parent":0,"menu_order":0,"comment_status":"closed","ping_status":"closed","template":"","meta":{"_et_pb_use_builder":"on","_et_pb_old_content":"<p>[et_pb_section fb_built=\"1\" _builder_version=\"4.24.3\" _module_preset=\"default\" global_colors_info=\"{}\"][et_pb_row _builder_version=\"4.24.3\" _module_preset=\"default\" global_colors_info=\"{}\"][et_pb_column type=\"4_4\" _builder_version=\"4.24.3\" _module_preset=\"default\" global_colors_info=\"{}\"][et_pb_text _builder_version=\"4.24.3\" _module_preset=\"default\" hover_enabled=\"0\" global_colors_info=\"{}\" sticky_enabled=\"0\"]<\/p><p><b><i> 1. INTRODUCCIO\u0301N Y DATOS IDENTIFICATIVOS.<\/i><\/b><\/p><p><i>El sitio web de Internet <\/i><a href=\"http:\/\/victoriabarcos.cotos.es\"><i>(www.victoriabarcos.cotos.es)<\/i><\/a><i> (en adelante el \u201c<\/i><b><i>Sitio Web<\/i><\/b><i>\u201d) esta\u0301 administrado por OPENSEA DESAF\u00cdOS OCEANICOS, S.L. (en adelante la \u201c<\/i><b><i>Entidad<\/i><\/b><i>\u201d), cuyos datos, a los efectos del cumplimiento de las obligaciones contenidas en el arti\u0301culo 10 de la Ley 34\/2002, de 11 de julio, de Servicios de la Sociedad de la Informacio\u0301n y Comercio Electro\u0301nico (LSSI), son los siguientes:<\/i><\/p><ul><li aria-level=\"1\"><i>Nombre: OPENSEA DESAF\u00cdOS OCEANICOS, S.L.<\/i><\/li><\/ul><ul><li aria-level=\"1\"><i>CIF: B-13.670.575<\/i><\/li><\/ul><ul><li aria-level=\"1\"><i>Domicilio: C\/ Jenner, no 3, 4 planta, 28010, Madrid.<\/i><\/li><\/ul><p><i>El acceso al Sitio Web, as\u00ed\u0301 como a todos sus contenidos y servicios, implica la aceptaci\u00f3n sin reservas del presente Aviso Legal, atribuyendo a toda persona que acceda al Sitio Web la condici\u00f3n de usuario (en adelante, el \u201c<\/i><b><i>Usuario<\/i><\/b><i>\u201d). En caso de que, como Usuario, no comprendas o no est\u00e9s de acuerdo con el contenido del presente Aviso Legal te recomendamos que abandones el Sitio Web.<\/i><\/p><p>\u00a0<\/p><p><b><i>2.COMUNICACIONES<\/i><\/b><\/p><p><i>Para comunicarte con la Entidad, ponemos a tu disposici\u00f3n los siguientes medios de contacto:<\/i><\/p><ul><li aria-level=\"1\"><i>Email:<\/i> <a href=\"mailto:info@victoriabarcos.cotos.es\"><i>info@victoriabarcos.cotos.es<\/i><\/a><i>\u00a0<\/i><\/li><li aria-level=\"1\"><i>Direccio\u0301n postal: La indicada en el apartado anterior.<\/i><\/li><\/ul><p><i>Todas las notificaciones y comunicaciones entre el Usuario y la Entidad se consideraran eficaces, a todos los efectos, cuando se realicen a trav\u00e9s de cualquier medio de los detallados.<\/i><\/p><p>\u00a0<\/p><p><b><i>3.SERVICO DE ATENCIO\u0301N AL CLIENTE.<\/i><\/b><\/p><p><i>Si tiene cualquier queja o reclamaci\u00f3n sobre el producto o la actuaci\u00f3n del productor, podr\u00e1\u0301 presentar una reclamaci\u00f3n al Servicio de Atenci\u00f3n al Cliente, de acuerdo con lo detallado a continuaci\u00f3n:<\/i><\/p><ul><li aria-level=\"1\"><i>Enviando un email a <\/i><a href=\"mailto:info@victoriabarcos.cotos.es\"><i>info@victoriabarcos.cotos.es<\/i><\/a><i>\u00a0<\/i><\/li><\/ul><ul><li aria-level=\"1\"><i>Alternativamente, enviando un escrito a la direcci\u00f3n apuntada con anterioridad.<\/i><\/li><\/ul><p><i>Este servicio esta\u0301 obligado a atender y resolver las quejas y reclamaciones que sus clientes le presenten en el plazo m\u00e1ximo de dos (2) meses.<\/i><\/p><p>\u00a0<\/p><p><b><i>4.CONDICIONES DE USO DEL SITIO WEB Y RESPONSABILIDAD.<\/i><\/b><\/p><p><i>A trav\u00e9s del Sitio Web, ponemos a disposici\u00f3n del Usuario informaci\u00f3n sobre quien es la Entidad, sobre los diferentes productos y servicios que ofrecemos, as\u00ed\u0301 como sus caracter\u00edsticas e informaci\u00f3n sobre tu cuenta privada como Usuario.<\/i><\/p><p><i>El Usuario se compromete expresamente a hacer un uso adecuado de los contenidos y servicios del Sitio Web y a no emplearlos para, entre otros:<\/i><\/p><ul><li aria-level=\"1\"><i>Actividades delictivas o, en general, contrarias a la ley, la moral, las buenas pr\u00e1cticas o al orden p\u00fablico,<\/i><\/li><\/ul><ul><li aria-level=\"1\"><i>Introducir archivos que contengan virus, Malware, Spyware o cualquier otro programa inform\u00e1tico que pudiera causar un perjuicio o da\u00f1ar de cualquier forma cualquier terminal inform\u00e1tico de la Entidad o de terceros,<\/i><\/li><\/ul><ul><li aria-level=\"1\"><i>Vulnerar la legislaci\u00f3n en materia de propiedad intelectual e industrial, asi\u0301 como los derechos que ostenta la Entidad sobre los productos que oferta, sobre los contenidos, creaciones, marcas y cualquier otro material que contiene el Sitio Web,<\/i><\/li><\/ul><ul><li aria-level=\"1\"><i>Reproducir, copiar, distribuir, poner a disposici\u00f3n o cualquier otra forma de comunicaci\u00f3n p\u00fablica, transformar o modificar las creaciones, marcas y cualquier otro material que contiene el Sitio Web,<\/i><\/li><\/ul><ul><li aria-level=\"1\"><i>Vulnerar la legislaci\u00f3n en materia de protecci\u00f3n de datos de car\u00e1cter personal,<\/i><\/li><\/ul><ul><li aria-level=\"1\"><i>Atentar contra el honor, la intimidad personal o familiar o la propia imagen de terceras personas.<\/i><\/li><\/ul><ul><li aria-level=\"1\"><i>Recabar o utilizar los datos, informaci\u00f3n o espacios que el Sitio Web pone a disposici\u00f3n del Usuario con fines publicitarios o comerciales de cualquier tipo.<\/i><\/li><\/ul><ul><li aria-level=\"1\"><i>El Usuario garantiza la autenticidad y actualidad de todos aquellos datos que comunique a la Entidad y ser\u00e1\u0301 el \u00fanico responsable de las manifestaciones falsas o inexactas que realice.<\/i><\/li><\/ul><ul><li aria-level=\"1\"><i>La Entidad se reserva el derecho a impedir el acceso del Usuario al Sitio Web en caso de incumplimiento de la legislaci\u00f3n vigente o por incumplimiento de los t\u00e9rminos y condiciones contemplados en el presente Aviso Legal.<\/i><\/li><\/ul><p><i>Para cuestiones relacionadas con tus datos personales consulta nuestra Pol\u00edtica de Privacidad y Pol\u00edtica de Cookies.<\/i><\/p><p>\u00a0<\/p><p><b><i>5.EXONERACIO\u0301N DE RESPONSABILIDAD DE LA ENTIDAD.<\/i><\/b><\/p><p><i>La Entidad no se hace responsable, ni directa ni subsidiariamente, de:<\/i><\/p><ul><li aria-level=\"1\"><i>La calidad del servicio de internet, la velocidad de acceso al Sitio Web, el correcto funcionamiento del mismo, ni la disponibilidad o continuidad de funcionamiento del Sitio Web,<\/i><\/li><\/ul><ul><li aria-level=\"1\"><i>Los perjuicios que puedan causarse en los equipos de los usuarios por el acceso y utilizaci\u00f3n del Sitio Web,<\/i><\/li><\/ul><ul><li aria-level=\"1\"><i>El incumplimiento por parte del Usuario de la ley, la moral, las buenas costumbres o el orden publico, como consecuencia de la transmisi\u00f3n, difusi\u00f3n, almacenamiento, puesta a disposici\u00f3n, recepci\u00f3n, obtenci\u00f3n o acceso a contenidos del Sitio Web.<\/i><\/li><\/ul><ul><li aria-level=\"1\"><i>Los enlaces e hipervi\u0301nculos que mediante el Sitio Web permitan al Usuario acceder a prestaciones y servicios ofrecidos por terceros no pertenecientes o ajenos al control de la Entidad, si los hubiera, no siendo responsable la Entidad ni de la informacio\u0301n contenida en aquellos, ni del tratamiento de datos que pudieran realizar, ni de cualesquiera efectos que pudieran derivarse de dicha informacio\u0301n.<\/i><\/li><\/ul><ul><li aria-level=\"1\"><i>La infracci\u00f3n de los derechos de propiedad intelectual e industrial, de los derechos al honor, a la intimidad personal y familiar y a la propia imagen, del derecho a la protecci\u00f3n de datos de car\u00e1cter personal o de cualquier otra naturaleza, pertenecientes a terceros, llevada a cabo por el Usuario, colaboradores o terceras personas.<\/i><\/li><\/ul><p>\u00a0<\/p><p><b><i>6.PROPIEDAD INTELECTUAL E INDUSTRIAL.<\/i><\/b><\/p><p><i>El Sitio Web esta\u0301 protegido por la legislaci\u00f3n nacional e internacional en materia de Propiedad Intelectual e Industrial, quedando prohibida la reproducci\u00f3n, distribuci\u00f3n, comunicaci\u00f3n publica (incluyendo su modalidad de puesta a disposici\u00f3n) y transformaci\u00f3n total o parcial del Sitio Web, de la informacio\u0301n contenida en el mismo, de cualquiera de los elementos que lo componen y entre los que se incluyen de manera enunciativa y no limitativa: productos, obras, textos, im\u00e1genes, marcas, grafico, logotipos, botones, archivos de software, combinaciones de colores, as\u00ed\u0301 como la estructura, selecci\u00f3n, ordenaci\u00f3n y presentaci\u00f3n de sus contenidos, sin perjuicio de los derechos que terceras personas pudiesen tener sobre cualquiera de los elementos de la misma.<\/i><\/p><p><i>Todas las marcas y logotipos que aparecen en el Sitio Web son titularidad de la Entidad y est\u00e1n debidamente registradas ante la Oficina Espan\u0303ola de Patentes y Marcas.<\/i><\/p><p><i>Si cualquier Usuario o tercero considera que la Entidad esta\u0301 vulnerando sus derechos de propiedad intelectual e industrial o sus derechos de imagen a trav\u00e9s del Sitio Web, por favor, p\u00f3ngase en contacto con nosotros mediante los medios de comunicaci\u00f3n expuestos en el apartado 2. COMUNICACIONES, del presente Aviso Legal.<\/i><\/p><p>\u00a0<\/p><p><b><i>7.MODIFICACIONES.<\/i><\/b><\/p><p><i>La entidad se reserva el derecho a modificar, unilateralmente, en cualquier momento y sin previo aviso el presente Aviso Legal, los contenidos incluidos en el Sitio Web. En estos casos se proceder\u00e1\u0301 a su publicaci\u00f3n y aviso con la m\u00e1xima antelaci\u00f3n posible.<\/i><\/p><p><i>Igualmente, la Entidad se reserva el derecho a suspender temporalmente los servicios a trav\u00e9s del Sitio Web, para efectuar operaciones de mantenimiento o mejora de estos o por motivos de cualquier i\u0301ndole.<\/i><\/p><p>\u00a0<\/p><p><b><i>8.FUERO.<\/i><\/b><\/p><p><i>El presente Aviso Legal se encuentra sometido a la legislaci\u00f3n espa\u00f1ola vigente. Para cualquier tipo de controversia derivada de la utilizaci\u00f3n de los servicios ofrecidos, la compra de productos o de los contenidos propios del Sitio Web, las partes se someten a la jurisdicci\u00f3n y competencia de los tribunales de la ciudad de Madrid, siempre y cuando ello fuese legalmente posible. En caso contrario, las partes se someter\u00e1n a los tribunales competentes seg\u00fan la legislaci\u00f3n vigente en cada momento.<\/i><\/p><p>[\/et_pb_text][\/et_pb_column][\/et_pb_row][\/et_pb_section]<\/p>","_et_gb_content_width":"","ngg_post_thumbnail":0,"footnotes":""},"class_list":["post-956","page","type-page","status-publish","hentry"],"yoast_head":"<!-- This site is optimized with the Yoast SEO Premium plugin v20.12 (Yoast SEO v23.0) - https:\/\/yoast.com\/wordpress\/plugins\/seo\/ -->\n<title>Legal Notice | Desaf\u00edo Victoria<\/title>\n<meta name=\"robots\" content=\"noindex, follow, max-snippet:-1, max-image-preview:large, max-video-preview:-1\" \/>\n<meta property=\"og:locale\" content=\"en_US\" \/>\n<meta property=\"og:type\" content=\"article\" \/>\n<meta property=\"og:title\" content=\"Legal Notice | Desaf\u00edo Victoria\" \/>\n<meta property=\"og:description\" content=\"1. INTRODUCTION AND IDENTIFICATION DATA. The Internet website (www.victoriabarcos.cotos.es) (hereinafter the &quot;Website&quot;) is managed by OPENSEA DESAF\u00cdOS OCEANICOS, S.L. (hereinafter the &quot;Company&quot;), whose details, for the purposes of compliance with the obligations contained in article 10 of Law 34\/2002, of 11 July, on Information Society Services and Electronic Commerce (LSSI), are as follows: Name: OPENSEA [&hellip;]\" \/>\n<meta property=\"og:url\" content=\"https:\/\/barco.cotos.es\/en\/legal-notice\/\" \/>\n<meta property=\"og:site_name\" content=\"Desaf\u00edo Victoria\" \/>\n<meta property=\"article:modified_time\" content=\"2024-05-10T13:15:13+00:00\" \/>\n<meta name=\"twitter:card\" content=\"summary_large_image\" \/>\n<meta name=\"twitter:label1\" content=\"Est. reading time\" \/>\n\t<meta name=\"twitter:data1\" content=\"5 minutes\" \/>\n<script type=\"application\/ld+json\" class=\"yoast-schema-graph\">{\"@context\":\"https:\/\/schema.org\",\"@graph\":[{\"@type\":\"WebPage\",\"@id\":\"https:\/\/barco.cotos.es\/en\/legal-notice\/\",\"url\":\"https:\/\/barco.cotos.es\/en\/legal-notice\/\",\"name\":\"Legal Notice | Desaf\u00edo Victoria\",\"isPartOf\":{\"@id\":\"https:\/\/barco.cotos.es\/en\/#website\"},\"datePublished\":\"2024-04-22T10:49:22+00:00\",\"dateModified\":\"2024-05-10T13:15:13+00:00\",\"inLanguage\":\"en-US\",\"potentialAction\":[{\"@type\":\"ReadAction\",\"target\":[\"https:\/\/barco.cotos.es\/en\/legal-notice\/\"]}]},{\"@type\":\"WebSite\",\"@id\":\"https:\/\/barco.cotos.es\/en\/#website\",\"url\":\"https:\/\/barco.cotos.es\/en\/\",\"name\":\"Desaf\u00edo Victoria\",\"description\":\"\",\"potentialAction\":[{\"@type\":\"SearchAction\",\"target\":{\"@type\":\"EntryPoint\",\"urlTemplate\":\"https:\/\/barco.cotos.es\/en\/?s={search_term_string}\"},\"query-input\":\"required name=search_term_string\"}],\"inLanguage\":\"en-US\"}]}<\/script>\n<!-- \/ Yoast SEO Premium plugin. -->","yoast_head_json":{"title":"Legal Notice | Desaf\u00edo Victoria","robots":{"index":"noindex","follow":"follow","max-snippet":"max-snippet:-1","max-image-preview":"max-image-preview:large","max-video-preview":"max-video-preview:-1"},"og_locale":"en_US","og_type":"article","og_title":"Legal Notice | Desaf\u00edo Victoria","og_description":"1. INTRODUCTION AND IDENTIFICATION DATA. The Internet website (www.victoriabarcos.cotos.es) (hereinafter the \"Website\") is managed by OPENSEA DESAF\u00cdOS OCEANICOS, S.L. (hereinafter the \"Company\"), whose details, for the purposes of compliance with the obligations contained in article 10 of Law 34\/2002, of 11 July, on Information Society Services and Electronic Commerce (LSSI), are as follows: Name: OPENSEA [&hellip;]","og_url":"https:\/\/barco.cotos.es\/en\/legal-notice\/","og_site_name":"Desaf\u00edo Victoria","article_modified_time":"2024-05-10T13:15:13+00:00","twitter_card":"summary_large_image","twitter_misc":{"Est. reading time":"5 minutes"},"schema":{"@context":"https:\/\/schema.org","@graph":[{"@type":"WebPage","@id":"https:\/\/barco.cotos.es\/en\/legal-notice\/","url":"https:\/\/barco.cotos.es\/en\/legal-notice\/","name":"Legal Notice | Desaf\u00edo Victoria","isPartOf":{"@id":"https:\/\/barco.cotos.es\/en\/#website"},"datePublished":"2024-04-22T10:49:22+00:00","dateModified":"2024-05-10T13:15:13+00:00","inLanguage":"en-US","potentialAction":[{"@type":"ReadAction","target":["https:\/\/barco.cotos.es\/en\/legal-notice\/"]}]},{"@type":"WebSite","@id":"https:\/\/barco.cotos.es\/en\/#website","url":"https:\/\/barco.cotos.es\/en\/","name":"Desaf\u00edo Victoria","description":"","potentialAction":[{"@type":"SearchAction","target":{"@type":"EntryPoint","urlTemplate":"https:\/\/barco.cotos.es\/en\/?s={search_term_string}"},"query-input":"required name=search_term_string"}],"inLanguage":"en-US"}]}},"_links":{"self":[{"href":"https:\/\/barco.cotos.es\/en\/wp-json\/wp\/v2\/pages\/956","targetHints":{"allow":["GET"]}}],"collection":[{"href":"https:\/\/barco.cotos.es\/en\/wp-json\/wp\/v2\/pages"}],"about":[{"href":"https:\/\/barco.cotos.es\/en\/wp-json\/wp\/v2\/types\/page"}],"author":[{"embeddable":true,"href":"https:\/\/barco.cotos.es\/en\/wp-json\/wp\/v2\/users\/1"}],"replies":[{"embeddable":true,"href":"https:\/\/barco.cotos.es\/en\/wp-json\/wp\/v2\/comments?post=956"}],"version-history":[{"count":4,"href":"https:\/\/barco.cotos.es\/en\/wp-json\/wp\/v2\/pages\/956\/revisions"}],"predecessor-version":[{"id":962,"href":"https:\/\/barco.cotos.es\/en\/wp-json\/wp\/v2\/pages\/956\/revisions\/962"}],"wp:attachment":[{"href":"https:\/\/barco.cotos.es\/en\/wp-json\/wp\/v2\/media?parent=956"}],"curies":[{"name":"wp","href":"https:\/\/api.w.org\/{rel}","templated":true}]}}