{"id":915,"date":"2024-05-02T13:36:48","date_gmt":"2024-05-02T11:36:48","guid":{"rendered":"https:\/\/victoriabarcos.cotos.es\/?page_id=915"},"modified":"2024-05-16T16:33:38","modified_gmt":"2024-05-16T14:33:38","slug":"tracker","status":"publish","type":"page","link":"https:\/\/barco.cotos.es\/fr\/tracker\/","title":{"rendered":"Tracker"},"content":{"rendered":"<p>[et_pb_section fb_built=\u00a0\u00bb1&Prime; _builder_version=\u00a0\u00bb4.24.3&Prime; _module_preset=\u00a0\u00bbdefault\u00a0\u00bb global_colors_info=\u00a0\u00bb{}\u00a0\u00bb][et_pb_row _builder_version=\u00a0\u00bb4.24.3&Prime; _module_preset=\u00a0\u00bbdefault\u00a0\u00bb global_colors_info=\u00a0\u00bb{}\u00a0\u00bb][et_pb_column type=\u00a0\u00bb4_4&Prime; _builder_version=\u00a0\u00bb4.24.3&Prime; _module_preset=\u00a0\u00bbdefault\u00a0\u00bb global_colors_info=\u00a0\u00bb{}\u00a0\u00bb][et_pb_text _builder_version=\u00a0\u00bb4.24.3&Prime; _module_preset=\u00a0\u00bbdefault\u00a0\u00bb global_colors_info=\u00a0\u00bb{}\u00a0\u00bb]<\/p>\n<h4>Tracker Maxicat Victoria<\/h4>\n<p>Suivez, en temps r\u00e9el, le parcours de notre multicoque oc\u00e9anique.<\/p>\n<p>[\/et_pb_text][et_pb_code _builder_version=\u00a0\u00bb4.24.3&Prime; _module_preset=\u00a0\u00bbdefault\u00a0\u00bb hover_enabled=\u00a0\u00bb0&Prime; global_colors_info=\u00a0\u00bb{}\u00a0\u00bb sticky_enabled=\u00a0\u00bb0&Prime;]<iframe src=\"https:\/\/racetracker.es\/rtc\/track_52\" style=\"width:100%; height:100vh;border:none;\"><\/iframe>[\/et_pb_code][\/et_pb_column][\/et_pb_row][\/et_pb_section]<\/p>\n","protected":false},"excerpt":{"rendered":"<p>Tracker Maxicat Victoria Suivez, en temps r\u00e9el, le parcours de notre multicoque oc\u00e9anique.<\/p>\n","protected":false},"author":1,"featured_media":0,"parent":0,"menu_order":0,"comment_status":"closed","ping_status":"closed","template":"","meta":{"_et_pb_use_builder":"on","_et_pb_old_content":"<p>[et_pb_section fb_built=\"1\" _builder_version=\"4.24.3\" _module_preset=\"default\" global_colors_info=\"{}\"][et_pb_row _builder_version=\"4.24.3\" _module_preset=\"default\" global_colors_info=\"{}\"][et_pb_column type=\"4_4\" _builder_version=\"4.24.3\" _module_preset=\"default\" global_colors_info=\"{}\"][et_pb_text _builder_version=\"4.24.3\" _module_preset=\"default\" hover_enabled=\"0\" global_colors_info=\"{}\" sticky_enabled=\"0\"]<\/p><h4>Tracker Maxicat Victoria<\/h4><p>Follow, in real-time, the journey of our oceanic multihull.<\/p><p>[\/et_pb_text][\/et_pb_column][\/et_pb_row][\/et_pb_section]<\/p>","_et_gb_content_width":"","ngg_post_thumbnail":0,"footnotes":""},"class_list":["post-915","page","type-page","status-publish","hentry"],"yoast_head":"<!-- This site is optimized with the Yoast SEO Premium plugin v20.12 (Yoast SEO v23.0) - https:\/\/yoast.com\/wordpress\/plugins\/seo\/ -->\n<title>Tracker | Desaf\u00edo Victoria<\/title>\n<meta name=\"robots\" content=\"noindex, follow, max-snippet:-1, max-image-preview:large, max-video-preview:-1\" \/>\n<meta property=\"og:locale\" content=\"fr_FR\" \/>\n<meta property=\"og:type\" content=\"article\" \/>\n<meta property=\"og:title\" content=\"Tracker | Desaf\u00edo Victoria\" \/>\n<meta property=\"og:description\" content=\"Tracker Maxicat Victoria Suivez, en temps r\u00e9el, le parcours de notre multicoque oc\u00e9anique.\" \/>\n<meta property=\"og:url\" content=\"https:\/\/barco.cotos.es\/fr\/tracker\/\" \/>\n<meta property=\"og:site_name\" content=\"Desaf\u00edo Victoria\" \/>\n<meta property=\"article:modified_time\" content=\"2024-05-16T14:33:38+00:00\" \/>\n<meta name=\"twitter:card\" content=\"summary_large_image\" \/>\n<meta name=\"twitter:label1\" content=\"Dur\u00e9e de lecture estim\u00e9e\" \/>\n\t<meta name=\"twitter:data1\" content=\"1 minute\" \/>\n<script type=\"application\/ld+json\" class=\"yoast-schema-graph\">{\"@context\":\"https:\/\/schema.org\",\"@graph\":[{\"@type\":\"WebPage\",\"@id\":\"https:\/\/barco.cotos.es\/fr\/tracker\/\",\"url\":\"https:\/\/barco.cotos.es\/fr\/tracker\/\",\"name\":\"Tracker | Desaf\u00edo Victoria\",\"isPartOf\":{\"@id\":\"https:\/\/barco.cotos.es\/fr\/#website\"},\"datePublished\":\"2024-05-02T11:36:48+00:00\",\"dateModified\":\"2024-05-16T14:33:38+00:00\",\"inLanguage\":\"fr-FR\",\"potentialAction\":[{\"@type\":\"ReadAction\",\"target\":[\"https:\/\/barco.cotos.es\/fr\/tracker\/\"]}]},{\"@type\":\"WebSite\",\"@id\":\"https:\/\/barco.cotos.es\/fr\/#website\",\"url\":\"https:\/\/barco.cotos.es\/fr\/\",\"name\":\"Desaf\u00edo Victoria\",\"description\":\"\",\"potentialAction\":[{\"@type\":\"SearchAction\",\"target\":{\"@type\":\"EntryPoint\",\"urlTemplate\":\"https:\/\/barco.cotos.es\/fr\/?s={search_term_string}\"},\"query-input\":\"required name=search_term_string\"}],\"inLanguage\":\"fr-FR\"}]}<\/script>\n<!-- \/ Yoast SEO Premium plugin. -->","yoast_head_json":{"title":"Tracker | Desaf\u00edo Victoria","robots":{"index":"noindex","follow":"follow","max-snippet":"max-snippet:-1","max-image-preview":"max-image-preview:large","max-video-preview":"max-video-preview:-1"},"og_locale":"fr_FR","og_type":"article","og_title":"Tracker | Desaf\u00edo Victoria","og_description":"Tracker Maxicat Victoria Suivez, en temps r\u00e9el, le parcours de notre multicoque oc\u00e9anique.","og_url":"https:\/\/barco.cotos.es\/fr\/tracker\/","og_site_name":"Desaf\u00edo Victoria","article_modified_time":"2024-05-16T14:33:38+00:00","twitter_card":"summary_large_image","twitter_misc":{"Dur\u00e9e de lecture estim\u00e9e":"1 minute"},"schema":{"@context":"https:\/\/schema.org","@graph":[{"@type":"WebPage","@id":"https:\/\/barco.cotos.es\/fr\/tracker\/","url":"https:\/\/barco.cotos.es\/fr\/tracker\/","name":"Tracker | Desaf\u00edo Victoria","isPartOf":{"@id":"https:\/\/barco.cotos.es\/fr\/#website"},"datePublished":"2024-05-02T11:36:48+00:00","dateModified":"2024-05-16T14:33:38+00:00","inLanguage":"fr-FR","potentialAction":[{"@type":"ReadAction","target":["https:\/\/barco.cotos.es\/fr\/tracker\/"]}]},{"@type":"WebSite","@id":"https:\/\/barco.cotos.es\/fr\/#website","url":"https:\/\/barco.cotos.es\/fr\/","name":"Desaf\u00edo Victoria","description":"","potentialAction":[{"@type":"SearchAction","target":{"@type":"EntryPoint","urlTemplate":"https:\/\/barco.cotos.es\/fr\/?s={search_term_string}"},"query-input":"required name=search_term_string"}],"inLanguage":"fr-FR"}]}},"_links":{"self":[{"href":"https:\/\/barco.cotos.es\/fr\/wp-json\/wp\/v2\/pages\/915","targetHints":{"allow":["GET"]}}],"collection":[{"href":"https:\/\/barco.cotos.es\/fr\/wp-json\/wp\/v2\/pages"}],"about":[{"href":"https:\/\/barco.cotos.es\/fr\/wp-json\/wp\/v2\/types\/page"}],"author":[{"embeddable":true,"href":"https:\/\/barco.cotos.es\/fr\/wp-json\/wp\/v2\/users\/1"}],"replies":[{"embeddable":true,"href":"https:\/\/barco.cotos.es\/fr\/wp-json\/wp\/v2\/comments?post=915"}],"version-history":[{"count":6,"href":"https:\/\/barco.cotos.es\/fr\/wp-json\/wp\/v2\/pages\/915\/revisions"}],"predecessor-version":[{"id":1160,"href":"https:\/\/barco.cotos.es\/fr\/wp-json\/wp\/v2\/pages\/915\/revisions\/1160"}],"wp:attachment":[{"href":"https:\/\/barco.cotos.es\/fr\/wp-json\/wp\/v2\/media?parent=915"}],"curies":[{"name":"wp","href":"https:\/\/api.w.org\/{rel}","templated":true}]}}