{"id":963,"date":"2024-04-22T12:49:22","date_gmt":"2024-04-22T10:49:22","guid":{"rendered":"https:\/\/victoriabarcos.cotos.es\/?page_id=963"},"modified":"2024-05-10T15:25:28","modified_gmt":"2024-05-10T13:25:28","slug":"notice-legale","status":"publish","type":"page","link":"https:\/\/barco.cotos.es\/fr\/notice-legale\/","title":{"rendered":"Notice l\u00e9gale"},"content":{"rendered":"<p>[et_pb_section fb_built=\u00a0\u00bb1&Prime; _builder_version=\u00a0\u00bb4.24.3&Prime; _module_preset=\u00a0\u00bbdefault\u00a0\u00bb global_colors_info=\u00a0\u00bb{}\u00a0\u00bb][et_pb_row _builder_version=\u00a0\u00bb4.24.3&Prime; _module_preset=\u00a0\u00bbdefault\u00a0\u00bb global_colors_info=\u00a0\u00bb{}\u00a0\u00bb][et_pb_column type=\u00a0\u00bb4_4&Prime; _builder_version=\u00a0\u00bb4.24.3&Prime; _module_preset=\u00a0\u00bbdefault\u00a0\u00bb global_colors_info=\u00a0\u00bb{}\u00a0\u00bb][et_pb_text _builder_version=\u00a0\u00bb4.24.3&Prime; _module_preset=\u00a0\u00bbdefault\u00a0\u00bb hover_enabled=\u00a0\u00bb0&Prime; global_colors_info=\u00a0\u00bb{}\u00a0\u00bb sticky_enabled=\u00a0\u00bb0&Prime;]<\/p>\n<p><b><i> 1. INTRODUCTION ET DONN\u00c9ES D&rsquo;IDENTIFICATION.<br \/><\/i><\/b><\/p>\n<p>Le site Web (<a href=\"http:\/\/www.victoriabarcos.cotos.es\">www.victoriabarcos.cotos.es<\/a>) (ci-apr\u00e8s le \u00ab Site Web \u00bb) est g\u00e9r\u00e9 par OPENSEA DESAF\u00cdOS OCEANICOS, S.L. (ci-apr\u00e8s \u00ab l\u2019Entit\u00e9 \u00bb), dont les coordonn\u00e9es, aux fins du respect des obligations contenues dans l\u2019article 10 de la Loi 34\/2002, du 11 juillet, sur les Services de la Soci\u00e9t\u00e9 de l\u2019Information et le Commerce \u00c9lectronique (LSSI), sont les suivantes :<\/p>\n<ul>\n<li aria-level=\"1\"><i>Name: OPENSEA DESAF\u00cdOS OCEANICOS, S.L.<\/i><\/li>\n<\/ul>\n<ul>\n<li aria-level=\"1\"><i>Tax: B-13.670.575<\/i><\/li>\n<\/ul>\n<ul>\n<li aria-level=\"1\"><i>Address: C\/ Jenner, no 3, 4 planta, 28010, Madrid.<\/i><\/li>\n<\/ul>\n<p><i>L\u2019acc\u00e8s au site WWeb, ainsi qu\u2019\u00e0 tous ses contenus et services, implique l\u2019acceptation sans r\u00e9serve de la pr\u00e9sente Notice l\u00e9gale, attribuant \u00e0 toute personne acc\u00e9dant au site Web le statut d\u2019utilisateur (ci-apr\u00e8s, \u00ab&nbsp;<\/i><b><i>l\u2019Utilisateur<\/i><\/b><i>&nbsp;\u00bb). Si, en tant qu\u2019utilisateur, vous ne comprenez pas ou n\u2019acceptez pas le contenu de la pr\u00e9sente Notice l\u00e9gale, nous vous recommandons de quitter le site Web.<\/i><\/p>\n<p>&nbsp;<\/p>\n<p><b><i>2.COMMUNICATIONS<\/i><\/b><\/p>\n<p><i>Pour communiquer avec l\u2019Entit\u00e9, nous vous proposons les moyens de contact suivants&nbsp;:<\/i><\/p>\n<ul>\n<li aria-level=\"1\"><i>Courriel&nbsp;:<\/i> <a href=\"mailto:info@victoriabarcos.cotos.es\"><i>info@victoriabarcos.cotos.es<\/i><\/a><i>&nbsp;<\/i><\/li>\n<li aria-level=\"1\"><i>Adresse postale&nbsp;: Celle indiqu\u00e9e dans la section ant\u00e9rieure.<\/i><\/li>\n<\/ul>\n<p><i>Toutes les notifications et communications entre l\u2019Utilisateur et l\u2019Entit\u00e9 sont consid\u00e9r\u00e9es comme effectives, \u00e0 toutes fins utiles, lorsqu\u2019elles sont effectu\u00e9es par l\u2019un des moyens \u00e9num\u00e9r\u00e9s ci-dessus.<\/i><\/p>\n<p>&nbsp;<\/p>\n<p><b><i>3.SERVICE D\u2019ATTENTION \u00c0 LA CLIENT\u00c8LE.<\/i><\/b><\/p>\n<p><i>Si vous avez des plaintes ou des r\u00e9clamations concernant le produit ou les performances du producteur, vous pouvez d\u00e9poser une r\u00e9clamation plainte aupr\u00e8s du service d\u2019attention \u00e0 la client\u00e8le, comme indiqu\u00e9 ci-dessous&nbsp;:<\/i><\/p>\n<ul>\n<li aria-level=\"1\"><i>En envoyant un courriel \u00e0 <\/i><a href=\"mailto:info@victoriabarcos.cotos.es\"><i>info@victoriabarcos.cotos.es<\/i><\/a><i>&nbsp;<\/i><\/li>\n<\/ul>\n<ul>\n<li aria-level=\"1\">Vous pouvez \u00e9galement envoyer une lettre \u00e0 l&rsquo;adresse ci-dessus.<\/li>\n<\/ul>\n<p><i>Ce service est tenu de traiter et de r\u00e9soudre les plaintes et r\u00e9clamations soumises par ses clients dans un d\u00e9lai maximum de deux (2) mois.<\/i><\/p>\n<p>&nbsp;<\/p>\n<p><b><i>4.CONDITIONS D&rsquo;UTILISATION DU SITE WEB ET RESPONSABILIT\u00c9.<\/i><\/b><\/p>\n<p><i>Par l&rsquo;interm\u00e9diaire du site Web, nous fournissons \u00e0 l&rsquo;Utilisateur des informations sur l&rsquo;Entit\u00e9, sur les diff\u00e9rents produits et services que nous proposons, ainsi que sur leurs caract\u00e9ristiques et des informations sur votre compte priv\u00e9 en tant qu&rsquo;Utilisateur.<\/i><\/p>\n<p><i>L&rsquo;Utilisateur s&rsquo;engage express\u00e9ment \u00e0 faire un usage appropri\u00e9 des contenus et services du site Web et \u00e0 ne pas les utiliser, entre autres, pour&nbsp;:<\/i><\/p>\n<ul>\n<li aria-level=\"1\">activit\u00e9s criminelles ou, en g\u00e9n\u00e9ral, activit\u00e9s contraires \u00e0 la loi, \u00e0 la morale, aux bonnes pratiques ou \u00e0 l&rsquo;ordre public ;<\/li>\n<\/ul>\n<ul>\n<li aria-level=\"1\">introduire des fichiers contenant des virus, des logiciels malveillants, des logiciels espions ou tout autre programme informatique susceptible de causer des dommages ou d&rsquo;endommager de quelque mani\u00e8re que ce soit tout terminal informatique de l&rsquo;Entit\u00e9 ou de tiers ;<\/li>\n<\/ul>\n<ul>\n<li aria-level=\"1\">enfreindre la l\u00e9gislation sur la propri\u00e9t\u00e9 intellectuelle et industrielle, ainsi que les droits d\u00e9tenus par l&rsquo;Entit\u00e9 sur les produits qu&rsquo;elle propose, sur les contenus, les cr\u00e9ations, les marques et tout autre mat\u00e9riel contenu sur le site Web ;<\/li>\n<\/ul>\n<ul>\n<li aria-level=\"1\">reproduire, copier, distribuer, mettre \u00e0 disposition ou toute autre forme de communication publique, transformer ou modifier les cr\u00e9ations, les marques et tout autre mat\u00e9riel contenu dans le site Web ;<\/li>\n<\/ul>\n<ul>\n<li aria-level=\"1\">violation de la l\u00e9gislation sur la protection des donn\u00e9es personnelles ;<\/li>\n<\/ul>\n<ul>\n<li aria-level=\"1\">porter atteinte \u00e0 l&rsquo;honneur, \u00e0 la vie priv\u00e9e, \u00e0 la famille ou \u00e0 l&rsquo;image de soi de tiers ;<\/li>\n<\/ul>\n<ul>\n<li aria-level=\"1\">collecter ou utiliser les donn\u00e9es, informations ou espaces que le site Web met \u00e0 la disposition de l&rsquo;Utilisateur \u00e0 des fins publicitaires ou commerciales de quelque nature que ce soit ;<\/li>\n<\/ul>\n<ul>\n<li aria-level=\"1\">l&rsquo;Utilisateur garantit l&rsquo;authenticit\u00e9 et l&rsquo;actualit\u00e9 de toutes les donn\u00e9es fournies \u00e0 l&rsquo;Entit\u00e9 et est seul responsable de toute d\u00e9claration fausse ou inexacte ;<\/li>\n<\/ul>\n<ul>\n<li aria-level=\"1\">l&rsquo;Entit\u00e9 se r\u00e9serve le droit d&#8217;emp\u00eacher l&rsquo;Utilisateur d&rsquo;acc\u00e9der au site Web en cas de non-respect de la l\u00e9gislation en vigueur ou de violation des conditions \u00e9nonc\u00e9es dans la pr\u00e9sente Notice l\u00e9gale.<\/li>\n<\/ul>\n<p>Pour toute question relative \u00e0 vos donn\u00e9es personnelles, veuillez consulter notre politique de confidentialit\u00e9 et notre politique en mati\u00e8re de cookies.<\/p>\n<p>&nbsp;<\/p>\n<p><b><i>5.L&rsquo;EXON\u00c9RATION DE RESPONSABILIT\u00c9 DE L&rsquo;ENTIT\u00c9.<\/i><\/b><\/p>\n<p>L&rsquo;Entit\u00e9 n&rsquo;est pas responsable, ni directement ni subsidiairement, pour :<\/p>\n<ul>\n<li aria-level=\"1\">la qualit\u00e9 du service internet, la vitesse d&rsquo;acc\u00e8s au site Web, le bon fonctionnement du site Web, ni la disponibilit\u00e9 ou la continuit\u00e9 du site Web ;<\/li>\n<\/ul>\n<ul>\n<li aria-level=\"1\">tout dommage qui pourrait \u00eatre caus\u00e9 \u00e0 l&rsquo;\u00e9quipement des utilisateurs par l&rsquo;acc\u00e8s et l&rsquo;utilisation du site Web ;<\/li>\n<\/ul>\n<ul>\n<li aria-level=\"1\">le non-respect par l&rsquo;Utilisateur de la loi, de la morale, des bonnes coutumes ou de l&rsquo;ordre public, en raison de la transmission, de la diffusion, du stockage, de la disponibilit\u00e9, de la r\u00e9ception, de l&rsquo;obtention ou de l&rsquo;acc\u00e8s aux contenus du site Web ;<\/li>\n<\/ul>\n<ul>\n<li aria-level=\"1\">les liens et les hyperliens pr\u00e9sents sur le site Web permettent \u00e0 l&rsquo;Utilisateur d&rsquo;acc\u00e9der \u00e0 des fonctions et \u00e0 des services offerts par des tiers n&rsquo;appartenant pas \u00e0 l&rsquo;Entit\u00e9 ou \u00e9chappant \u00e0 son contr\u00f4le, le cas \u00e9ch\u00e9ant, et l&rsquo;Entit\u00e9 n&rsquo;est pas responsable des informations qui y sont contenues, ni du traitement des donn\u00e9es qui peut \u00eatre effectu\u00e9, ni des effets qui peuvent d\u00e9river de ces informations ;<\/li>\n<\/ul>\n<ul>\n<li aria-level=\"1\">la violation des droits de propri\u00e9t\u00e9 intellectuelle et industrielle, des droits \u00e0 l&rsquo;honneur, \u00e0 l&rsquo;intimit\u00e9 personnelle et familiale et \u00e0 l&rsquo;image, du droit \u00e0 la protection des donn\u00e9es personnelles ou de toute autre nature, appartenant \u00e0 des tiers, r\u00e9alis\u00e9e par l&rsquo;Utilisateur, des collaborateurs ou des tiers.<\/li>\n<\/ul>\n<p>&nbsp;<\/p>\n<p><b><i>6.LA PROPRI\u00c9T\u00c9 INTELLECTUELLE ET INDUSTRIELLE. <\/i><\/b><\/p>\n<p>Le site Web est prot\u00e9g\u00e9 par la l\u00e9gislation nationale et internationale sur la propri\u00e9t\u00e9 intellectuelle et industrielle, interdisant la reproduction, la distribution, la communication publique (y compris ses modalit\u00e9s de mise \u00e0 disposition) et la transformation totale ou partielle du site Web, de l&rsquo;information qu&rsquo;il contient, de n&rsquo;importe lequel des \u00e9l\u00e9ments qui le composent et parmi lesquels sont inclus, mais non limit\u00e9s \u00e0 : les produits, les \u0153uvres, les textes, les images, les marques, les graphiques, les logos, les boutons, les fichiers logiciels, les combinaisons de couleurs, ainsi que la structure, la s\u00e9lection, l&rsquo;ordre et la pr\u00e9sentation de son contenu, sans pr\u00e9judice des droits que des tiers pourraient avoir sur l&rsquo;un quelconque de ses \u00e9l\u00e9ments.<\/p>\n<p>Toutes les marques et tous les logos figurant sur le site Web sont la propri\u00e9t\u00e9 de l&rsquo;Entit\u00e9 et sont d\u00fbment enregistr\u00e9s aupr\u00e8s du Bureau espagnol des brevets et des marques.<\/p>\n<p>Si un Utilisateur ou un tiers consid\u00e8re que l&rsquo;Entit\u00e9 porte atteinte \u00e0 ses droits de propri\u00e9t\u00e9 intellectuelle et industrielle ou \u00e0 ses droits \u00e0 l&rsquo;image par l&rsquo;interm\u00e9diaire du site Web, il est invit\u00e9 \u00e0 nous contacter par les moyens de communication indiqu\u00e9s \u00e0 la section 2. COMMUNICATIONS, de la pr\u00e9sente Notice l\u00e9gale.<\/p>\n<p>&nbsp;<\/p>\n<p><b><i>7.MODIFICATIONS.<\/i><\/b><\/p>\n<p><i>L&rsquo;entit\u00e9 se r\u00e9serve le droit de modifier, unilat\u00e9ralement, \u00e0 tout moment et sans pr\u00e9avis, la pr\u00e9sente Notice l\u00e9gale et les contenus inclus dans le site Web. Dans ce cas, la publication et l&rsquo;avis sont donn\u00e9s aussi longtemps \u00e0 l&rsquo;avance que possible.<\/i><\/p>\n<p><i>De m\u00eame, l&rsquo;Entit\u00e9 se r\u00e9serve le droit de suspendre temporairement les services \u00e0 travers le site Web afin de r\u00e9aliser des op\u00e9rations de maintenance ou d&rsquo;am\u00e9lioration ou pour toute autre raison.<\/i><\/p>\n<p>&nbsp;<\/p>\n<p><b><i>8.JURIDICTION.<\/i><\/b><\/p>\n<p><i>La pr\u00e9sente Notice l\u00e9gale est soumise \u00e0 la l\u00e9gislation espagnole en vigueur. Pour tout type de litige d\u00e9coulant de l&rsquo;utilisation des services offerts, de l&rsquo;achat de produits ou du contenu du site Web, les parties se soumettent \u00e0 la juridiction et \u00e0 la comp\u00e9tence des tribunaux de la ville de Madrid, dans la mesure o\u00f9 cela est l\u00e9galement possible. Dans le cas contraire, les parties s&rsquo;en remettent aux tribunaux comp\u00e9tents conform\u00e9ment \u00e0 la l\u00e9gislation en vigueur \u00e0 tout moment.<\/i><\/p>\n<p>[\/et_pb_text][\/et_pb_column][\/et_pb_row][\/et_pb_section]<\/p>\n","protected":false},"excerpt":{"rendered":"<p>1. INTRODUCTION ET DONN\u00c9ES D&rsquo;IDENTIFICATION. Le site Web (www.victoriabarcos.cotos.es) (ci-apr\u00e8s le \u00ab Site Web \u00bb) est g\u00e9r\u00e9 par OPENSEA DESAF\u00cdOS OCEANICOS, S.L. (ci-apr\u00e8s \u00ab l\u2019Entit\u00e9 \u00bb), dont les coordonn\u00e9es, aux fins du respect des obligations contenues dans l\u2019article 10 de la Loi 34\/2002, du 11 juillet, sur les Services de la Soci\u00e9t\u00e9 de l\u2019Information et [&hellip;]<\/p>\n","protected":false},"author":1,"featured_media":0,"parent":0,"menu_order":0,"comment_status":"closed","ping_status":"closed","template":"","meta":{"_et_pb_use_builder":"on","_et_pb_old_content":"<p>[et_pb_section fb_built=\"1\" _builder_version=\"4.24.3\" _module_preset=\"default\" global_colors_info=\"{}\"][et_pb_row _builder_version=\"4.24.3\" _module_preset=\"default\" global_colors_info=\"{}\"][et_pb_column type=\"4_4\" _builder_version=\"4.24.3\" _module_preset=\"default\" global_colors_info=\"{}\"][et_pb_text _builder_version=\"4.24.3\" _module_preset=\"default\" hover_enabled=\"0\" global_colors_info=\"{}\" sticky_enabled=\"0\"]<\/p><p><b><i> 1. INTRODUCTION AND IDENTIFICATION DATA.<br><\/i><\/b><\/p><p>The Internet website (<a href=\"http:\/\/www.victoriabarcos.cotos.es\">www.victoriabarcos.cotos.es<\/a>) (hereinafter the \"<b>Website<\/b>\") is managed by OPENSEA DESAF\u00cdOS OCEANICOS, S.L. (hereinafter the \"<b>Company<\/b>\"), whose details, for the purposes of compliance with the obligations contained in article 10 of Law 34\/2002, of 11 July, on Information Society Services and Electronic Commerce (LSSI), are as follows:<\/p><ul><li aria-level=\"1\"><i>Name: OPENSEA DESAF\u00cdOS OCEANICOS, S.L.<\/i><\/li><\/ul><ul><li aria-level=\"1\"><i>Tax: B-13.670.575<\/i><\/li><\/ul><ul><li aria-level=\"1\"><i>Address: C\/ Jenner, no 3, 4 planta, 28010, Madrid.<\/i><\/li><\/ul><p>Access to the Website, as well as to all its contents and services, implies unreserved acceptance of this Legal Notice, attributing to any person accessing the Website the status of user (hereinafter, the \"<b>User<\/b>\"). In the event that, as a User, you do not understand or do not agree with the content of this Legal Notice, we recommend that you leave the Website.<\/p><p>\u00a0<\/p><p><b><i>2.COMMUNICATIONS<\/i><\/b><\/p><p>To contact the Company, you can use the following contact channels:<\/p><ul><li aria-level=\"1\"><i>Email:<\/i> <a href=\"mailto:info@victoriabarcos.cotos.es\"><i>info@victoriabarcos.cotos.es<\/i><\/a><i>\u00a0<\/i><\/li><li aria-level=\"1\"><i>Postal address: La indicada en el apartado anterior.<\/i><\/li><\/ul><p>All notifications and communications between the User and the Company shall be considered effective, for all purposes, when they are made by any of the means listed above.<\/p><p>\u00a0<\/p><p><b><i>3.CUSTOMER SERVICE DEPARTMENT.<\/i><\/b><\/p><p>If you have any complaints or claims in relation to\u00a0 the product or the producer's performance, you may submit a complaint to the Customer Service Department, as detailed below:<\/p><ul><li aria-level=\"1\"><i>By sending an email to <\/i><a href=\"mailto:info@victoriabarcos.cotos.es\"><i>info@victoriabarcos.cotos.es<\/i><\/a><i>\u00a0<\/i><\/li><\/ul><ul><li aria-level=\"1\">\u00a0Alternatively, by sending a letter to the address given above.<\/li><\/ul><p>This service is obliged to attend to and resolve the complaints and claims presented by its clients within a maximum period of two (2) months.<\/p><p>\u00a0<\/p><p><b><i>4.WEBSITE TERMS OF USE AND LIABILITY.<\/i><\/b><\/p><p>Through the Website, we provide the User with information about who the Company is, about the different products and services we offer, as well as their characteristics and information about your private account as a User.<\/p><p>The User expressly undertakes to make appropriate use of the contents and services of the Website and not to use them, among others, for the following purposes:<\/p><ul><li aria-level=\"1\">Criminal activities or, in general, activities contrary to the law, morality, good practice or public order,<\/li><\/ul><ul><li aria-level=\"1\">To introduce files containing viruses, Malware, Spyware or any other computer program that may cause harm or damage in any way any computer terminal of the Company or third parties,<\/li><\/ul><ul><li aria-level=\"1\">To infringe the legislation on intellectual and industrial property, as well as the rights held by the Company\u00a0 on the products it offers, on the contents, creations, brands and any other material contained on the Website,<\/li><\/ul><ul><li aria-level=\"1\">Reproducing, copying, distributing, making available or any other form of public communication, transforming or modifying the creations, brands and any other material contained on the Website,<\/li><\/ul><ul><li aria-level=\"1\">Infringe legislation on the protection of personal data,<\/li><\/ul><ul><li aria-level=\"1\">Infringe the honour, personal or family privacy or selfimage of third parties.<\/li><\/ul><ul><li aria-level=\"1\">Collect or use the data, information or spaces that the Website makes available to the User for advertising or commercial purposes of any kind.<\/li><\/ul><ul><li aria-level=\"1\">The User guarantees the authenticity and timeliness of all data provided to the Company and shall be solely responsible for any false or inaccurate statements made.<\/li><\/ul><ul><li aria-level=\"1\">The Company reserves the right to prevent the User from accessing the Website in the event of non-compliance with current legislation or in the event of non-compliance with the terms and conditions set out in this Legal Notice.<\/li><\/ul><p>For matters relating to your personal data, please see our Privacy Policy and Cookie Policy.<\/p><p>\u00a0<\/p><p><b><i>5.EXEMPTION FROM LIABILITY OF THE COMPANY.<\/i><\/b><\/p><p>The Company accepts no liability, either directly or secondarily, for:<\/p><ul><li aria-level=\"1\">The quality of the internet service, the speed of access to the Website, the correct functioning of the same, nor the availability or continuity of the Website.<\/li><\/ul><ul><li aria-level=\"1\">Any damage that may be caused to users' equipment by accessing and using the Website.<\/li><\/ul><ul><li aria-level=\"1\">Non-compliance by the User with the law, morality, good customs or public order, as a consequence of the transmission, dissemination, storage, availability, reception, obtaining or access to the contents of the Website.<\/li><\/ul><ul><li aria-level=\"1\">The links and hyperlinks that allow the User to access features and services offered by third parties not belonging to or outside the control of the Company, if any; the Company is not responsible for the information contained therein, nor for the processing of data that may be carried out, nor for any effects that may arise from such information.<\/li><\/ul><ul><li aria-level=\"1\">The infringement of intellectual and industrial property rights, of the rights to honour, to personal and family privacy and to one's own image, of the right to the protection of personal data or of any other nature, belonging to third parties, carried out by the User, collaborators or third parties.<\/li><\/ul><p>\u00a0<\/p><p><b><i>6.INTELLECTUAL AND INDUSTRIAL PROPERTY. <\/i><\/b><\/p><p>The Website is protected by national and international legislation on Intellectual and Industrial Property, prohibiting the reproduction, distribution, public communication (including making available) and total or partial transformation of the Website, of the information contained therein, of any of the elements that compose it, including but not limited to: products, works, texts, images, brands, trademarks, graphics, logos, buttons, software files, colour combinations, as well as the structure, selection, order and presentation of its contents, without prejudice to the rights that third parties may have over any of the elements of the same.<\/p><p>All trademarks and logos appearing on the Website are owned by the Company and are duly registered with the Spanish Patent and Trademark Office.<\/p><p>If any User or third party considers that the Company is infringing their intellectual and industrial property rights or their image rights through the Website, please contact us by the means of communication set out in section 2. COMMUNICATIONS of this Legal Notice.<\/p><p>\u00a0<\/p><p><b><i>7.MODIFICATIONS.<\/i><\/b><\/p><p>The company reserves the right to modify, unilaterally, at any time and without prior notice, this Legal Notice and the contents included in the Website. In these cases, the publication and notice will be given as far in advance as possible.<\/p><p>The Company also reserves the right to temporarily suspend services through the Website in order to carry out maintenance or improvement operations or for any other reason.<\/p><p>\u00a0<\/p><p><b><i>8.JURISDICTION.<\/i><\/b><\/p><p>This Legal Notice is subject to current Spanish legislation. For any type of dispute arising from the use of the services offered, the purchase of products or the contents of the Website, the parties submit to the jurisdiction and competence of the courts of the city of Madrid, provided that this is legally possible. Otherwise, the parties shall submit to the competent courts in accordance with the legislation in force at any given time.<\/p><p>[\/et_pb_text][\/et_pb_column][\/et_pb_row][\/et_pb_section]<\/p>","_et_gb_content_width":"","ngg_post_thumbnail":0,"footnotes":""},"class_list":["post-963","page","type-page","status-publish","hentry"],"yoast_head":"<!-- This site is optimized with the Yoast SEO Premium plugin v20.12 (Yoast SEO v23.0) - https:\/\/yoast.com\/wordpress\/plugins\/seo\/ -->\n<title>Notice l\u00e9gale | Desaf\u00edo Victoria<\/title>\n<meta name=\"robots\" content=\"noindex, follow, max-snippet:-1, max-image-preview:large, max-video-preview:-1\" \/>\n<meta property=\"og:locale\" content=\"fr_FR\" \/>\n<meta property=\"og:type\" content=\"article\" \/>\n<meta property=\"og:title\" content=\"Notice l\u00e9gale | Desaf\u00edo Victoria\" \/>\n<meta property=\"og:description\" content=\"1. INTRODUCTION ET DONN\u00c9ES D&#039;IDENTIFICATION. Le site Web (www.victoriabarcos.cotos.es) (ci-apr\u00e8s le \u00ab Site Web \u00bb) est g\u00e9r\u00e9 par OPENSEA DESAF\u00cdOS OCEANICOS, S.L. (ci-apr\u00e8s \u00ab l\u2019Entit\u00e9 \u00bb), dont les coordonn\u00e9es, aux fins du respect des obligations contenues dans l\u2019article 10 de la Loi 34\/2002, du 11 juillet, sur les Services de la Soci\u00e9t\u00e9 de l\u2019Information et [&hellip;]\" \/>\n<meta property=\"og:url\" content=\"https:\/\/barco.cotos.es\/fr\/notice-legale\/\" \/>\n<meta property=\"og:site_name\" content=\"Desaf\u00edo Victoria\" \/>\n<meta property=\"article:modified_time\" content=\"2024-05-10T13:25:28+00:00\" \/>\n<meta name=\"twitter:card\" content=\"summary_large_image\" \/>\n<meta name=\"twitter:label1\" content=\"Dur\u00e9e de lecture estim\u00e9e\" \/>\n\t<meta name=\"twitter:data1\" content=\"6 minutes\" \/>\n<script type=\"application\/ld+json\" class=\"yoast-schema-graph\">{\"@context\":\"https:\/\/schema.org\",\"@graph\":[{\"@type\":\"WebPage\",\"@id\":\"https:\/\/barco.cotos.es\/fr\/notice-legale\/\",\"url\":\"https:\/\/barco.cotos.es\/fr\/notice-legale\/\",\"name\":\"Notice l\u00e9gale | Desaf\u00edo Victoria\",\"isPartOf\":{\"@id\":\"https:\/\/barco.cotos.es\/fr\/#website\"},\"datePublished\":\"2024-04-22T10:49:22+00:00\",\"dateModified\":\"2024-05-10T13:25:28+00:00\",\"inLanguage\":\"fr-FR\",\"potentialAction\":[{\"@type\":\"ReadAction\",\"target\":[\"https:\/\/barco.cotos.es\/fr\/notice-legale\/\"]}]},{\"@type\":\"WebSite\",\"@id\":\"https:\/\/barco.cotos.es\/fr\/#website\",\"url\":\"https:\/\/barco.cotos.es\/fr\/\",\"name\":\"Desaf\u00edo Victoria\",\"description\":\"\",\"potentialAction\":[{\"@type\":\"SearchAction\",\"target\":{\"@type\":\"EntryPoint\",\"urlTemplate\":\"https:\/\/barco.cotos.es\/fr\/?s={search_term_string}\"},\"query-input\":\"required name=search_term_string\"}],\"inLanguage\":\"fr-FR\"}]}<\/script>\n<!-- \/ Yoast SEO Premium plugin. -->","yoast_head_json":{"title":"Notice l\u00e9gale | Desaf\u00edo Victoria","robots":{"index":"noindex","follow":"follow","max-snippet":"max-snippet:-1","max-image-preview":"max-image-preview:large","max-video-preview":"max-video-preview:-1"},"og_locale":"fr_FR","og_type":"article","og_title":"Notice l\u00e9gale | Desaf\u00edo Victoria","og_description":"1. INTRODUCTION ET DONN\u00c9ES D'IDENTIFICATION. Le site Web (www.victoriabarcos.cotos.es) (ci-apr\u00e8s le \u00ab Site Web \u00bb) est g\u00e9r\u00e9 par OPENSEA DESAF\u00cdOS OCEANICOS, S.L. (ci-apr\u00e8s \u00ab l\u2019Entit\u00e9 \u00bb), dont les coordonn\u00e9es, aux fins du respect des obligations contenues dans l\u2019article 10 de la Loi 34\/2002, du 11 juillet, sur les Services de la Soci\u00e9t\u00e9 de l\u2019Information et [&hellip;]","og_url":"https:\/\/barco.cotos.es\/fr\/notice-legale\/","og_site_name":"Desaf\u00edo Victoria","article_modified_time":"2024-05-10T13:25:28+00:00","twitter_card":"summary_large_image","twitter_misc":{"Dur\u00e9e de lecture estim\u00e9e":"6 minutes"},"schema":{"@context":"https:\/\/schema.org","@graph":[{"@type":"WebPage","@id":"https:\/\/barco.cotos.es\/fr\/notice-legale\/","url":"https:\/\/barco.cotos.es\/fr\/notice-legale\/","name":"Notice l\u00e9gale | Desaf\u00edo Victoria","isPartOf":{"@id":"https:\/\/barco.cotos.es\/fr\/#website"},"datePublished":"2024-04-22T10:49:22+00:00","dateModified":"2024-05-10T13:25:28+00:00","inLanguage":"fr-FR","potentialAction":[{"@type":"ReadAction","target":["https:\/\/barco.cotos.es\/fr\/notice-legale\/"]}]},{"@type":"WebSite","@id":"https:\/\/barco.cotos.es\/fr\/#website","url":"https:\/\/barco.cotos.es\/fr\/","name":"Desaf\u00edo Victoria","description":"","potentialAction":[{"@type":"SearchAction","target":{"@type":"EntryPoint","urlTemplate":"https:\/\/barco.cotos.es\/fr\/?s={search_term_string}"},"query-input":"required name=search_term_string"}],"inLanguage":"fr-FR"}]}},"_links":{"self":[{"href":"https:\/\/barco.cotos.es\/fr\/wp-json\/wp\/v2\/pages\/963","targetHints":{"allow":["GET"]}}],"collection":[{"href":"https:\/\/barco.cotos.es\/fr\/wp-json\/wp\/v2\/pages"}],"about":[{"href":"https:\/\/barco.cotos.es\/fr\/wp-json\/wp\/v2\/types\/page"}],"author":[{"embeddable":true,"href":"https:\/\/barco.cotos.es\/fr\/wp-json\/wp\/v2\/users\/1"}],"replies":[{"embeddable":true,"href":"https:\/\/barco.cotos.es\/fr\/wp-json\/wp\/v2\/comments?post=963"}],"version-history":[{"count":4,"href":"https:\/\/barco.cotos.es\/fr\/wp-json\/wp\/v2\/pages\/963\/revisions"}],"predecessor-version":[{"id":968,"href":"https:\/\/barco.cotos.es\/fr\/wp-json\/wp\/v2\/pages\/963\/revisions\/968"}],"wp:attachment":[{"href":"https:\/\/barco.cotos.es\/fr\/wp-json\/wp\/v2\/media?parent=963"}],"curies":[{"name":"wp","href":"https:\/\/api.w.org\/{rel}","templated":true}]}}